{"id":3,"date":"2020-06-29T10:03:04","date_gmt":"2020-06-29T10:03:04","guid":{"rendered":"http:\/\/www.aceroselgeta.com\/?page_id=3"},"modified":"2023-04-20T13:03:54","modified_gmt":"2023-04-20T11:03:54","slug":"politica-de-privacidad","status":"publish","type":"page","link":"https:\/\/www.aceroselgeta.com\/eu\/politica-de-privacidad\/","title":{"rendered":"Pribatutasun-politika"},"content":{"rendered":"<p>Reglamento (UE) 2016\/679 del Parlamento Europeo y del Consejo, de 27 de abril de 2016, relativo a la protecci\u00f3n de las personas f\u00edsicas en lo que respecta al tratamiento de los datos personales y a la libre circulaci\u00f3n de los mismos, y la Ley Org\u00e1nica 3\/2018, de 5 de diciembre, de Protecci\u00f3n de Datos Personales y garant\u00eda de los derechos digitales.<\/p>\n\n\n\n<p><br><strong>\u00bfQui\u00e9n es el responsable del tratamiento de sus datos?<\/strong><br>SUMINISTROS ELGETA, S.L.<br>CIF: B20459137.<br>C\/ PAGATZA POL INDUSTRIAL 1D &#8211; 20690 &#8211; ELGETA &#8211; GIPUZKOA.<\/p>\n\n\n\n<p><br><strong>\u00bfCon qu\u00e9 finalidad tratamos sus datos personales?<\/strong><br>En SUMINISTROS ELGETA, S.L. tratamos la informaci\u00f3n que nos facilitan las personas interesadas con el fin de Atender su solicitud y enviarle comunicaciones comerciales, inclusive por v\u00eda electr\u00f3nica<br>No se van a tomar decisiones automatizadas en base a los datos proporcionados.<\/p>\n\n\n\n<p><br><strong>\u00bfPor cu\u00e1nto tiempo conservaremos sus datos?<\/strong><br>Los datos se conservar\u00e1n mientras el interesado no solicite su supresi\u00f3n.<\/p>\n\n\n\n<p><br><strong>\u00bfCu\u00e1l es la legitimaci\u00f3n para el tratamiento de sus datos?<\/strong><br>Le indicamos la base legal para el tratamiento de sus datos:<br>Ejecuci\u00f3n de un contrato: Atender su solicitud<br>Consentimiento del interesado: Enviarle comunicaciones comerciales, inclusive por v\u00eda electr\u00f3nica<\/p>\n\n\n\n<p><br><strong>\u00bfA qu\u00e9 destinatarios se comunicar\u00e1n sus datos?<\/strong><br>No se ceder\u00e1n datos a terceros, salvo obligaci\u00f3n legal.<br>Transferencias de datos a terceros pa\u00edses<br>No est\u00e1n previstas transferencias de datos a terceros pa\u00edses.<\/p>\n\n\n\n<p><br><strong>\u00bfCu\u00e1les son sus derechos cuando nos facilita sus datos?<\/strong><br>Cualquier persona tiene derecho a obtener confirmaci\u00f3n sobre si en SUMINISTROS ELGETA, S.L. estamos tratando, o no, datos personales que les conciernan.<br>Las personas interesadas tienen derecho a acceder a sus datos personales, as\u00ed como a solicitar la rectificaci\u00f3n de los datos inexactos o, en su caso, solicitar su supresi\u00f3n cuando, entre otros motivos, los datos ya no sean necesarios para los fines que fueron recogidos. Igualmente tiene derecho a la portabilidad de sus datos.<br>En determinadas circunstancias, los interesados podr\u00e1n solicitar la limitaci\u00f3n del tratamiento de sus datos, en cuyo caso \u00fanicamente los conservaremos para el ejercicio o la defensa de reclamaciones.<br>En determinadas circunstancias y por motivos relacionados con su situaci\u00f3n particular, los interesados podr\u00e1n oponerse al tratamiento de sus datos. En este caso, SUMINISTROS ELGETA, S.L. dejar\u00e1 de tratar los datos, salvo por motivos leg\u00edtimos imperiosos, o el ejercicio o la defensa de posibles reclamaciones.<br>Podr\u00e1 ejercitar materialmente sus derechos de la siguiente forma: dirigi\u00e9ndose a la direcci\u00f3n del responsable del tratamiento<br>Cuando se realice el env\u00edo de comunicaciones comerciales utilizando como base jur\u00eddica el inter\u00e9s leg\u00edtimo del responsable, el interesado podr\u00e1 oponerse al tratamiento de sus datos con ese fin.<br>Si ha otorgado su consentimiento para alguna finalidad concreta, tiene derecho a retirar el consentimiento otorgado en cualquier momento, sin que ello afecte a la licitud del tratamiento basado en el consentimiento previo a su retirada.<br>En caso de que sienta vulnerados sus derechos en lo concerniente a la protecci\u00f3n de sus datos personales, especialmente cuando no haya obtenido satisfacci\u00f3n en el ejercicio de sus derechos, puede presentar una reclamaci\u00f3n ante la Autoridad de Control en materia de Protecci\u00f3n de Datos competente a trav\u00e9s de su sitio web: www.agpd.es.<\/p>\n\n\n\n<p><br><strong>\u00bfC\u00f3mo hemos obtenido sus datos?<\/strong><br>Los datos personales que tratamos en SUMINISTROS ELGETA, S.L. proceden del propio interesado.<\/p>","protected":false},"excerpt":{"rendered":"<p>Reglamento (UE) 2016\/679 del Parlamento Europeo y del Consejo, de 27 de abril de 2016, relativo a la protecci\u00f3n de las personas f\u00edsicas en lo que respecta al tratamiento de los datos personales y a la libre circulaci\u00f3n de los mismos, y la Ley Org\u00e1nica 3\/2018, de 5 de diciembre, de Protecci\u00f3n de Datos Personales [&hellip;]<\/p>\n","protected":false},"author":1,"featured_media":0,"parent":0,"menu_order":0,"comment_status":"closed","ping_status":"open","template":"","meta":{"footnotes":""},"class_list":["post-3","page","type-page","status-publish","hentry"],"_links":{"self":[{"href":"https:\/\/www.aceroselgeta.com\/eu\/wp-json\/wp\/v2\/pages\/3","targetHints":{"allow":["GET"]}}],"collection":[{"href":"https:\/\/www.aceroselgeta.com\/eu\/wp-json\/wp\/v2\/pages"}],"about":[{"href":"https:\/\/www.aceroselgeta.com\/eu\/wp-json\/wp\/v2\/types\/page"}],"author":[{"embeddable":true,"href":"https:\/\/www.aceroselgeta.com\/eu\/wp-json\/wp\/v2\/users\/1"}],"replies":[{"embeddable":true,"href":"https:\/\/www.aceroselgeta.com\/eu\/wp-json\/wp\/v2\/comments?post=3"}],"version-history":[{"count":5,"href":"https:\/\/www.aceroselgeta.com\/eu\/wp-json\/wp\/v2\/pages\/3\/revisions"}],"predecessor-version":[{"id":1049,"href":"https:\/\/www.aceroselgeta.com\/eu\/wp-json\/wp\/v2\/pages\/3\/revisions\/1049"}],"wp:attachment":[{"href":"https:\/\/www.aceroselgeta.com\/eu\/wp-json\/wp\/v2\/media?parent=3"}],"curies":[{"name":"wp","href":"https:\/\/api.w.org\/{rel}","templated":true}]}}